{"id":316,"date":"2025-10-29T10:06:21","date_gmt":"2025-10-29T10:06:21","guid":{"rendered":"https:\/\/dunordausudtv.fr\/?page_id=316"},"modified":"2025-11-19T08:22:17","modified_gmt":"2025-11-19T08:22:17","slug":"du-nord-au-sud-tv","status":"publish","type":"page","link":"https:\/\/dunordausudtv.fr\/?page_id=316","title":{"rendered":"DU NORD AU SUD"},"content":{"rendered":"\n<div class=\"wp-block-group alignfull has-global-padding is-layout-constrained wp-container-core-group-is-layout-490fa1db wp-block-group-is-layout-constrained\" style=\"padding-top:var(--wp--preset--spacing--50);padding-right:var(--wp--preset--spacing--50);padding-bottom:var(--wp--preset--spacing--50);padding-left:var(--wp--preset--spacing--50)\">\n<div class=\"wp-block-group has-global-padding is-layout-constrained wp-container-core-group-is-layout-650790e1 wp-block-group-is-layout-constrained\">\n<h1 class=\"wp-block-heading has-text-align-center has-x-large-font-size\">R\u00e9alisation de films, pour les entreprises, les institutions et les agences de voyages<\/h1>\n\n\n\n<div style=\"height:1.25rem\" aria-hidden=\"true\" class=\"wp-block-spacer\"><\/div>\n\n\n\n<p class=\"has-text-align-center\">20 ann\u00e9es d&rsquo;aventures avec des clients tr\u00e8s diversifi\u00e9s<\/p>\n\n\n\n<div style=\"height:1.25rem\" aria-hidden=\"true\" class=\"wp-block-spacer\"><\/div>\n<\/div>\n\n\n\n<div style=\"height:var(--wp--preset--spacing--30)\" aria-hidden=\"true\" class=\"wp-block-spacer\"><\/div>\n\n\n\n<figure class=\"wp-block-image alignwide size-full is-style-rounded\"><img loading=\"lazy\" decoding=\"async\" width=\"1920\" height=\"1080\" src=\"https:\/\/dunordausudtv.fr\/wp-content\/uploads\/2025\/10\/site-1.jpg\" alt=\"\" class=\"wp-image-345\" srcset=\"https:\/\/dunordausudtv.fr\/wp-content\/uploads\/2025\/10\/site-1.jpg 1920w, https:\/\/dunordausudtv.fr\/wp-content\/uploads\/2025\/10\/site-1-300x169.jpg 300w, https:\/\/dunordausudtv.fr\/wp-content\/uploads\/2025\/10\/site-1-1024x576.jpg 1024w, https:\/\/dunordausudtv.fr\/wp-content\/uploads\/2025\/10\/site-1-768x432.jpg 768w, https:\/\/dunordausudtv.fr\/wp-content\/uploads\/2025\/10\/site-1-1536x864.jpg 1536w\" sizes=\"auto, (max-width: 1920px) 100vw, 1920px\" \/><\/figure>\n<\/div>\n\n\n\n<div class=\"wp-block-group alignfull has-base-2-background-color has-background has-global-padding is-layout-constrained wp-container-core-group-is-layout-669513ed wp-block-group-is-layout-constrained\" style=\"margin-top:0;margin-bottom:0;padding-top:var(--wp--preset--spacing--50);padding-right:var(--wp--preset--spacing--50);padding-bottom:var(--wp--preset--spacing--50);padding-left:var(--wp--preset--spacing--50)\">\n<div class=\"wp-block-group is-vertical is-content-justification-center is-layout-flex wp-container-core-group-is-layout-52b864f0 wp-block-group-is-layout-flex\">\n<h2 class=\"wp-block-heading has-text-align-center is-style-asterisk\">Une passion pour la cr\u00e9ation d\u2019espaces<\/h2>\n\n\n\n<div style=\"height:0px\" aria-hidden=\"true\" class=\"wp-block-spacer wp-container-content-4f2ccadb\"><\/div>\n\n\n\n<p class=\"has-text-align-center\">Notre gamme compl\u00e8te de services professionnels s\u2019adresse \u00e0 une client\u00e8le diversifi\u00e9e, allant des propri\u00e9taires aux promotrices ou promoteurs commerciaux.<\/p>\n<\/div>\n\n\n\n<div style=\"margin-top:0;margin-bottom:0;height:var(--wp--preset--spacing--40)\" aria-hidden=\"true\" class=\"wp-block-spacer\"><\/div>\n\n\n\n<div class=\"wp-block-columns alignwide is-layout-flex wp-container-core-columns-is-layout-d0bbbce0 wp-block-columns-is-layout-flex\">\n<div class=\"wp-block-column is-layout-flow wp-container-core-column-is-layout-e3d1c41b wp-block-column-is-layout-flow\">\n<h3 class=\"wp-block-heading has-text-align-left is-style-asterisk has-body-font-family has-medium-font-size\" style=\"font-style:normal;font-weight:600\">R\u00e9novation et restauration<\/h3>\n\n\n\n<p class=\"has-text-align-left\">D\u00e9couvrez la fusion de l\u2019imagination et de l\u2019expertise avec \u00c9tudes Architectural Solutions.<\/p>\n<\/div>\n\n\n\n<div class=\"wp-block-column is-layout-flow wp-container-core-column-is-layout-e3d1c41b wp-block-column-is-layout-flow\">\n<h3 class=\"wp-block-heading has-text-align-left is-style-asterisk has-body-font-family has-medium-font-size\" style=\"font-style:normal;font-weight:600\">Support continu<\/h3>\n\n\n\n<p class=\"has-text-align-left\">D\u00e9couvrez la fusion de l\u2019imagination et de l\u2019expertise avec \u00c9tudes Architectural Solutions.<\/p>\n<\/div>\n\n\n\n<div class=\"wp-block-column is-layout-flow wp-container-core-column-is-layout-e3d1c41b wp-block-column-is-layout-flow\">\n<h3 class=\"wp-block-heading has-text-align-left is-style-asterisk has-body-font-family has-medium-font-size\" style=\"font-style:normal;font-weight:600\">Acc\u00e8s \u00e0 l\u2018application<\/h3>\n\n\n\n<p class=\"has-text-align-left\">D\u00e9couvrez la fusion de l\u2019imagination et de l\u2019expertise avec \u00c9tudes Architectural Solutions.<\/p>\n<\/div>\n<\/div>\n\n\n\n<div style=\"height:var(--wp--preset--spacing--20)\" aria-hidden=\"true\" class=\"wp-block-spacer\"><\/div>\n\n\n\n<div class=\"wp-block-columns alignwide is-layout-flex wp-container-core-columns-is-layout-d0bbbce0 wp-block-columns-is-layout-flex\">\n<div class=\"wp-block-column is-layout-flow wp-container-core-column-is-layout-e3d1c41b wp-block-column-is-layout-flow\">\n<h3 class=\"wp-block-heading has-text-align-left is-style-asterisk has-body-font-family has-medium-font-size\" style=\"font-style:normal;font-weight:600\">Conseil<\/h3>\n\n\n\n<p class=\"has-text-align-left\">D\u00e9couvrez la fusion de l\u2019imagination et de l\u2019expertise avec \u00c9tudes Architectural Solutions.<\/p>\n<\/div>\n\n\n\n<div class=\"wp-block-column is-layout-flow wp-container-core-column-is-layout-e3d1c41b wp-block-column-is-layout-flow\">\n<h3 class=\"wp-block-heading has-text-align-left is-style-asterisk has-body-font-family has-medium-font-size\" style=\"font-style:normal;font-weight:600\">Gestion de projet<\/h3>\n\n\n\n<p class=\"has-text-align-left\">D\u00e9couvrez la fusion de l\u2019imagination et de l\u2019expertise avec \u00c9tudes Architectural Solutions.<\/p>\n<\/div>\n\n\n\n<div class=\"wp-block-column is-layout-flow wp-container-core-column-is-layout-e3d1c41b wp-block-column-is-layout-flow\">\n<h3 class=\"wp-block-heading has-text-align-left is-style-asterisk has-body-font-family has-medium-font-size\" style=\"font-style:normal;font-weight:600\">Architectural Solutions<\/h3>\n\n\n\n<p class=\"has-text-align-left\">Vivez l\u2019exp\u00e9rience de la fusion entre l\u2019imagination et l\u2019expertise avec \u00c9tudes Architectural Solutions.<\/p>\n<\/div>\n<\/div>\n<\/div>\n\n\n\n<div class=\"wp-block-group alignfull has-global-padding is-layout-constrained wp-container-core-group-is-layout-d89aad35 wp-block-group-is-layout-constrained\" style=\"margin-top:0;margin-bottom:0;padding-top:var(--wp--preset--spacing--50);padding-right:var(--wp--preset--spacing--50);padding-bottom:var(--wp--preset--spacing--50);padding-left:var(--wp--preset--spacing--50)\">\n<div class=\"wp-block-group alignwide has-global-padding is-layout-constrained wp-container-core-group-is-layout-19e250f3 wp-block-group-is-layout-constrained\">\n<div class=\"wp-block-group is-vertical is-content-justification-center is-layout-flex wp-container-core-group-is-layout-6329a8f3 wp-block-group-is-layout-flex\">\n<h2 class=\"wp-block-heading has-text-align-center is-style-asterisk\">Un tableau de ressources<\/h2>\n\n\n\n<p class=\"has-text-align-center\">Notre suite compl\u00e8te de services professionnels s\u2019adresse \u00e0 une client\u00e8le diversifi\u00e9e, allant des propri\u00e9taires au d\u00e9veloppeurs commerciaux.<\/p>\n<\/div>\n\n\n\n<div style=\"height:var(--wp--preset--spacing--40)\" aria-hidden=\"true\" class=\"wp-block-spacer\"><\/div>\n\n\n\n<div class=\"wp-block-columns alignwide is-layout-flex wp-container-core-columns-is-layout-d1c656ed wp-block-columns-is-layout-flex\">\n<div class=\"wp-block-column is-vertically-aligned-center is-layout-flow wp-block-column-is-layout-flow\" style=\"flex-basis:40%\">\n<h3 class=\"wp-block-heading is-style-asterisk\">Application \u00c9tudes Architect<\/h3>\n\n\n\n<ul style=\"line-height:1.75\" class=\"wp-block-list is-style-checkmark-list\">\n<li>Collaborez avec d\u2019autres architectes.<\/li>\n\n\n\n<li>Pr\u00e9sentez vos projets.<\/li>\n\n\n\n<li>D\u00e9couvrez le monde de l\u2019architecture.<\/li>\n<\/ul>\n<\/div>\n\n\n\n<div class=\"wp-block-column is-layout-flow wp-block-column-is-layout-flow\" style=\"flex-basis:50%\">\n<figure class=\"wp-block-image size-large is-style-rounded\"><img decoding=\"async\" src=\"https:\/\/dunordausudtv.fr\/wp-content\/themes\/twentytwentyfour\/assets\/images\/tourist-and-building.webp\" alt=\"Touriste prenant une photo d\u2019un b\u00e2timent.\"\/><\/figure>\n<\/div>\n<\/div>\n\n\n\n<div style=\"height:var(--wp--preset--spacing--40)\" aria-hidden=\"true\" class=\"wp-block-spacer\"><\/div>\n\n\n\n<div class=\"wp-block-columns alignwide is-layout-flex wp-container-core-columns-is-layout-d1c656ed wp-block-columns-is-layout-flex\">\n<div class=\"wp-block-column is-layout-flow wp-block-column-is-layout-flow\" style=\"flex-basis:50%\">\n<figure class=\"wp-block-image size-large is-style-rounded\"><img decoding=\"async\" src=\"https:\/\/dunordausudtv.fr\/wp-content\/themes\/twentytwentyfour\/assets\/images\/windows.webp\" alt=\"Les fen\u00eatres d\u2019un b\u00e2timent \u00e0 Nuremberg, Allemagne.\"\/><\/figure>\n<\/div>\n\n\n\n<div class=\"wp-block-column is-vertically-aligned-center is-layout-flow wp-block-column-is-layout-flow\" style=\"flex-basis:40%\">\n<h3 class=\"wp-block-heading is-style-asterisk\">Newsletter \u00c9tudes<\/h3>\n\n\n\n<ul style=\"line-height:1.75\" class=\"wp-block-list is-style-checkmark-list\">\n<li>Un monde d\u2019articles stimulants.<\/li>\n\n\n\n<li>\u00c9tudes de cas qui c\u00e9l\u00e8brent l\u2019architecture.<\/li>\n\n\n\n<li>Acc\u00e8s exclusif aux connaissances en design.<\/li>\n<\/ul>\n<\/div>\n<\/div>\n<\/div>\n<\/div>\n\n\n\n<div class=\"wp-block-group alignfull has-base-color has-contrast-background-color has-text-color has-background has-global-padding is-layout-constrained wp-container-core-group-is-layout-ef3d885c wp-block-group-is-layout-constrained\" style=\"margin-top:0;margin-bottom:0;padding-top:var(--wp--preset--spacing--60);padding-right:var(--wp--preset--spacing--60);padding-bottom:var(--wp--preset--spacing--60);padding-left:var(--wp--preset--spacing--60)\">\n<div class=\"wp-block-group has-global-padding is-layout-constrained wp-block-group-is-layout-constrained\">\n<p class=\"has-text-align-center has-base-color has-text-color has-heading-font-family has-x-large-font-size\" style=\"line-height:1.2\">\n\t\t\t<em>\u00ab&nbsp;\u00c9tudes nous a fait gagner des milliers d\u2019heures de travail et a r\u00e9v\u00e9l\u00e9 des perspectives auxquelles nous n\u2019aurions jamais pens\u00e9 possible.&nbsp;\u00bb<\/em>\n\t\t<\/p>\n\n\n\n<div style=\"height:var(--wp--preset--spacing--10)\" aria-hidden=\"true\" class=\"wp-block-spacer\"><\/div>\n\n\n\n<div class=\"wp-block-group is-vertical is-content-justification-center is-nowrap is-layout-flex wp-container-core-group-is-layout-2dc08cea wp-block-group-is-layout-flex\">\n\n\n<p class=\"has-text-align-center\" style=\"margin-top:var(--wp--preset--spacing--10);margin-bottom:0\">Annie Steiner<\/p>\n\n\n\n<p class=\"has-text-align-center has-contrast-3-color has-text-color has-small-font-size\" style=\"font-style:normal;font-weight:300\">PDG, Greenprint<\/p>\n<\/div>\n<\/div>\n<\/div>\n\n\n\n<div class=\"wp-block-group alignfull has-global-padding is-layout-constrained wp-container-core-group-is-layout-d89aad35 wp-block-group-is-layout-constrained\" style=\"margin-top:0;margin-bottom:0;padding-top:var(--wp--preset--spacing--50);padding-right:var(--wp--preset--spacing--50);padding-bottom:var(--wp--preset--spacing--50);padding-left:var(--wp--preset--spacing--50)\">\n<h2 class=\"wp-block-heading alignwide has-x-large-font-size\" style=\"margin-top:0;margin-bottom:var(--wp--preset--spacing--40);line-height:1\">Regardez, lisez, \u00e9coutez<\/h2>\n\n\n\n<div class=\"wp-block-group alignwide has-global-padding is-layout-constrained wp-block-group-is-layout-constrained\">\n<div class=\"wp-block-query alignwide is-layout-flow wp-block-query-is-layout-flow\">\n\n\n<div style=\"height:var(--wp--preset--spacing--30)\" aria-hidden=\"true\" class=\"wp-block-spacer\"><\/div>\n\n\n\n\n<div class=\"wp-block-query-no-results\">\n\n<p>Aucune publication n\u2019a \u00e9t\u00e9 trouv\u00e9e.<\/p>\n\n<\/div><\/div>\n<\/div>\n<\/div>\n\n\n\n<div class=\"wp-block-group alignfull has-global-padding is-layout-constrained wp-container-core-group-is-layout-d89aad35 wp-block-group-is-layout-constrained\" style=\"margin-top:0;margin-bottom:0;padding-top:var(--wp--preset--spacing--50);padding-right:var(--wp--preset--spacing--50);padding-bottom:var(--wp--preset--spacing--50);padding-left:var(--wp--preset--spacing--50)\">\n<div class=\"wp-block-group alignwide has-base-2-background-color has-background has-global-padding is-layout-constrained wp-container-core-group-is-layout-39412042 wp-block-group-is-layout-constrained\" style=\"border-radius:16px;padding-top:var(--wp--preset--spacing--40);padding-right:var(--wp--preset--spacing--50);padding-bottom:var(--wp--preset--spacing--40);padding-left:var(--wp--preset--spacing--50)\">\n<div style=\"height:var(--wp--preset--spacing--10)\" aria-hidden=\"true\" class=\"wp-block-spacer\"><\/div>\n\n\n\n<h2 class=\"wp-block-heading has-text-align-center has-x-large-font-size\">Rejoignez plus de 900 abonn\u00e9s\/abonn\u00e9es<\/h2>\n\n\n\n<p class=\"has-text-align-center\">Restez au courant de tout ce que vous devez savoir.<\/p>\n\n\n\n<div class=\"wp-block-buttons is-content-justification-center is-layout-flex wp-container-core-buttons-is-layout-a89b3969 wp-block-buttons-is-layout-flex\">\n<div class=\"wp-block-button\"><a class=\"wp-block-button__link wp-element-button\">S\u2019inscrire<\/a><\/div>\n<\/div>\n\n\n\n<div style=\"height:var(--wp--preset--spacing--10)\" aria-hidden=\"true\" class=\"wp-block-spacer\"><\/div>\n<\/div>\n<\/div>\n","protected":false},"excerpt":{"rendered":"<p>R\u00e9alisation de films, pour les entreprises, les institutions et les agences de voyages 20 ann\u00e9es d&rsquo;aventures avec des clients tr\u00e8s diversifi\u00e9s Une passion pour la cr\u00e9ation d\u2019espaces Notre gamme compl\u00e8te de services professionnels s\u2019adresse \u00e0 une client\u00e8le diversifi\u00e9e, allant des propri\u00e9taires aux promotrices ou promoteurs commerciaux. R\u00e9novation et restauration D\u00e9couvrez la fusion de l\u2019imagination et [&hellip;]<\/p>\n","protected":false},"author":1,"featured_media":0,"parent":0,"menu_order":1,"comment_status":"closed","ping_status":"closed","template":"","meta":{"footnotes":""},"class_list":["post-316","page","type-page","status-publish","hentry"],"_links":{"self":[{"href":"https:\/\/dunordausudtv.fr\/index.php?rest_route=\/wp\/v2\/pages\/316","targetHints":{"allow":["GET"]}}],"collection":[{"href":"https:\/\/dunordausudtv.fr\/index.php?rest_route=\/wp\/v2\/pages"}],"about":[{"href":"https:\/\/dunordausudtv.fr\/index.php?rest_route=\/wp\/v2\/types\/page"}],"author":[{"embeddable":true,"href":"https:\/\/dunordausudtv.fr\/index.php?rest_route=\/wp\/v2\/users\/1"}],"replies":[{"embeddable":true,"href":"https:\/\/dunordausudtv.fr\/index.php?rest_route=%2Fwp%2Fv2%2Fcomments&post=316"}],"version-history":[{"count":10,"href":"https:\/\/dunordausudtv.fr\/index.php?rest_route=\/wp\/v2\/pages\/316\/revisions"}],"predecessor-version":[{"id":361,"href":"https:\/\/dunordausudtv.fr\/index.php?rest_route=\/wp\/v2\/pages\/316\/revisions\/361"}],"wp:attachment":[{"href":"https:\/\/dunordausudtv.fr\/index.php?rest_route=%2Fwp%2Fv2%2Fmedia&parent=316"}],"curies":[{"name":"wp","href":"https:\/\/api.w.org\/{rel}","templated":true}]}}